{"id":576,"date":"2025-01-27T08:11:34","date_gmt":"2025-01-27T07:11:34","guid":{"rendered":"https:\/\/deka.addictionlab.it\/tratamientos-deka-intimate\/"},"modified":"2025-02-11T14:48:38","modified_gmt":"2025-02-11T13:48:38","slug":"tratamientos-deka-intimate","status":"publish","type":"page","link":"https:\/\/dekaintimate.com\/es\/tratamientos-deka-intimate\/","title":{"rendered":"Tratamientos Deka Intimate"},"content":{"rendered":"\n<div class=\"wp-block-stackable-hero alignfull stk-block-hero stk-block stk-c698ca9 stk-block-background is-style-default stk--has-background-overlay\" data-v=\"2\" data-block-id=\"c698ca9\"><style>.stk-c698ca9-inner-blocks{align-items:flex-start !important;justify-content:center !important;}.stk-c698ca9 {background-color:#9F9BBA !important;background-image:url(https:\/\/dekaintimate.com\/wp-content\/uploads\/hero-treatment.webp) !important;margin-bottom:0px !important;}.stk-c698ca9:before{background-color:#9F9BBA !important;opacity:0.6 !important;}.stk-c698ca9 .stk-block-hero__content{min-height:500px !important;align-items:center !important;display:flex !important;}<\/style><div class=\"stk-block-hero__content stk-content-align stk-c698ca9-column alignfull stk-container stk-c698ca9-container stk--no-background stk--no-padding\"><div class=\"stk-block-content stk-inner-blocks has-text-align-left stk--column-flex stk-c698ca9-inner-blocks\">\n<div class=\"wp-block-stackable-heading alignfull stk-block-heading stk-block-heading--v2 stk-block stk-40a1737\" id=\"trattamenti-deka-intimate\" data-block-id=\"40a1737\"><style>.stk-40a1737 {margin-bottom:0px !important;}<\/style><h1 class=\"stk-block-heading__text\">Tratamientos Deka Intimate<\/h1><\/div>\n\n\n<div class=\"yoast-breadcrumbs\"><span><span><a href=\"https:\/\/dekaintimate.com\/es\/\">Home<\/a><\/span> | <span class=\"breadcrumb_last\" aria-current=\"page\"><strong>Tratamientos Deka Intimate<\/strong><\/span><\/span><\/div><\/div><\/div><\/div>\n\n\n\n<div class=\"wp-block-stackable-columns alignwide stk-block-columns stk-block stk-6a3f12f stk-block-background stk--has-background-overlay\" data-block-id=\"6a3f12f\"><style>.stk-6a3f12f {background-color:#ffffff00 !important;background-image:url(https:\/\/dekaintimate.com\/wp-content\/uploads\/stroke-02r2.svg) !important;background-position:center center !important;background-repeat:no-repeat !important;background-size:300px !important;padding-top:100px !important;padding-right:20px !important;padding-bottom:100px !important;padding-left:20px !important;margin-bottom:0px !important;}.stk-6a3f12f:before{background-color:#ffffff00 !important;opacity:0 !important;}.stk-6a3f12f-column{max-width:600px !important;min-width:auto !important;}<\/style><div class=\"stk-row stk-inner-blocks stk-block-content stk-content-align stk-6a3f12f-column alignwide\">\n<div class=\"wp-block-stackable-column stk-block-column stk-column stk-block stk-e7b607d\" data-v=\"4\" data-block-id=\"e7b607d\"><style>.stk-e7b607d {padding-top:0px !important;padding-right:0px !important;padding-bottom:0px !important;padding-left:0px !important;margin-top:0px !important;}<\/style><div class=\"stk-column-wrapper stk-block-column__content stk-container stk-e7b607d-container stk--no-background stk--no-padding\"><div class=\"stk-block-content stk-inner-blocks stk-e7b607d-inner-blocks\">\n<p>Las terapias de apoyo a la mejora de la salud \u00edntima, cuyos problemas suelen estar interrelacionados, son diversas y tambi\u00e9n utilizan la tecnolog\u00eda como alternativa o complemento a las terapias farmacol\u00f3gicas.<\/p>\n\n\n\n<p>En concreto, los tratamientos DEKA INTIMATE son <strong>MONALISA TOUC<\/strong>H y <strong>PELVITOUCH<\/strong>.<\/p>\n<\/div><\/div><\/div>\n<\/div><\/div>\n\n\n\n<div class=\"wp-block-stackable-columns alignwide stk-block-columns stk-block stk-d0d3797 stk-block-background solutions-grid stk--has-background-overlay\" data-block-id=\"d0d3797\"><style>.stk-d0d3797 {background-color:#ffffff00 !important;background-image:url(https:\/\/dekaintimate.com\/wp-content\/uploads\/stroke-03.svg) !important;background-position:center center !important;background-repeat:no-repeat !important;background-size:100px !important;padding-top:0px !important;padding-right:0px !important;padding-bottom:0px !important;padding-left:0px !important;margin-bottom:100px !important;}.stk-d0d3797:before{background-color:#ffffff00 !important;opacity:0 !important;}.stk-d0d3797-column{--stk-columns-spacing:0px !important;--stk-column-gap:20px !important;}<\/style><div class=\"stk-row stk-inner-blocks stk-block-content stk-content-align stk-d0d3797-column alignwide\">\n<div class=\"wp-block-stackable-column stk-block-column stk-column stk-block stk-9e3219e\" data-v=\"4\" data-block-id=\"9e3219e\"><style>.stk-9e3219e-inner-blocks{align-items:center !important;justify-content:space-between !important;}.stk-9e3219e {padding-top:0px !important;padding-right:60px !important;padding-bottom:0px !important;padding-left:60px !important;}<\/style><div class=\"stk-column-wrapper stk-block-column__content stk-container stk-9e3219e-container stk--no-background stk--no-padding\"><div class=\"stk--column-flex stk-block-content stk-inner-blocks stk-9e3219e-inner-blocks\">\n<div class=\"wp-block-stackable-image stk-block-image stk-block stk-6325c18\" data-block-id=\"6325c18\"><style>.stk-6325c18 .stk-img-wrapper{width:90% !important;height:150px !important;--stk-gradient-overlay:0 !important;}.stk-6325c18 .stk-img-wrapper img{object-fit:fill !important;}<\/style><figure><span class=\"stk-img-wrapper stk-image--shape-stretch\"><img loading=\"lazy\" decoding=\"async\" alt=\"Tratamientos Deka Intimate - Deka Intimate\"  class=\"stk-img wp-image-239\" src=\"https:\/\/dekaintimate.com\/wp-content\/uploads\/monalisatouch-logo.svg\" width=\"360\" height=\"179\"\/><\/span><\/figure><\/div>\n\n\n\n<p class=\"flex-fill\">Monalisa Touch\u2122 es la terapia que ha revolucionado la salud \u00edntima de millones de mujeres en todo el mundo desde 2010, utilizando un l\u00e1ser de CO<sub>2<\/sub> fraccionado espec\u00edficamente dise\u00f1ado para la mucosa vaginal. MonaLisa Touch\u2122 previene y mejora los efectos de la disminuci\u00f3n de estr\u00f3genos en los tejidos vaginales (t\u00edpicos de muchas afecciones como la menopausia y el posparto) rehidratando y nutriendo los tejidos, reactivando la producci\u00f3n de nuevo col\u00e1geno y restableciendo el microbioma vaginal correcto con un pH \u00e1cido. En definitiva, restablece las condiciones de la mucosa vaginal propias de la edad f\u00e9rtil. Los beneficios de esta estimulaci\u00f3n l\u00e1ser tambi\u00e9n afectan a otros aspectos relacionados con la afecci\u00f3n de la atrofia vulvovaginal.   <\/p>\n\n\n\n<div class=\"gspb_button_wrapper gspb_button-id-gsbp-c6dd362\" id=\"gspb_button-id-gsbp-c6dd362\"><a class=\"wp-block-greenshift-blocks-buttonbox gspb-buttonbox wp-element-button\" href=\"\/es\/tratamientos-deka-intimate\/monalisa-touch\/\" rel=\"noopener\"><span class=\"gspb-buttonbox-textwrap\"><span class=\"gspb-buttonbox-text\"><span class=\"gspb-buttonbox-title\">DESCUBRE AHORA<\/span><\/span><\/span><\/a><\/div>\n<\/div><\/div><\/div>\n\n\n\n<div class=\"wp-block-stackable-column stk-block-column stk-column stk-block stk-3b96d68\" data-v=\"4\" data-block-id=\"3b96d68\"><style>.stk-3b96d68-inner-blocks{align-items:center !important;justify-content:space-between !important;}.stk-3b96d68 {padding-top:0px !important;padding-right:60px !important;padding-bottom:0px !important;padding-left:60px !important;}<\/style><div class=\"stk-column-wrapper stk-block-column__content stk-container stk-3b96d68-container stk--no-background stk--no-padding\"><div class=\"stk--column-flex stk-block-content stk-inner-blocks stk-3b96d68-inner-blocks\">\n<div class=\"wp-block-stackable-image stk-block-image stk-block stk-ca3f35a\" data-block-id=\"ca3f35a\"><style>.stk-ca3f35a .stk-img-wrapper{width:80% !important;height:150px !important;--stk-gradient-overlay:0 !important;}.stk-ca3f35a .stk-img-wrapper img{object-fit:fill !important;}<\/style><figure><span class=\"stk-img-wrapper stk-image--shape-stretch\"><img loading=\"lazy\" decoding=\"async\" alt=\"Tratamientos Deka Intimate - Deka Intimate\"  class=\"stk-img wp-image-242\" src=\"https:\/\/dekaintimate.com\/wp-content\/uploads\/\/pelvitouch-logo-r2.svg\" width=\"365\" height=\"72\"\/><\/span><\/figure><\/div>\n\n\n\n<p class=\"flex-fill\">El tratamiento PelviTouch utiliza la estimulaci\u00f3n con campos magn\u00e9ticos de perfil &#8220;plano o flat&#8221; &#8220;Top Flat Magnetic Stimulation&#8221; para una doble acci\u00f3n sobre el suelo p\u00e9lvico: reforzamiento o descontracci\u00f3n, induciendo contracciones intensas e involuntarias.<br>Este proceso mejora el rendimiento de los m\u00fasculos del suelo p\u00e9lvico, ayudando a restablecer el control neuromuscular.<br>La estimulaci\u00f3n neuromuscular resultante, a trav\u00e9s de la estimulaci\u00f3n muscular a la que no se puede llegar voluntariamente, tiene beneficios en varias cuestiones de la esfera sexual tanto femenina como masculina.<\/p>\n\n\n\n<div class=\"gspb_button_wrapper gspb_button-id-gsbp-977067b\" id=\"gspb_button-id-gsbp-977067b\"><a class=\"wp-block-greenshift-blocks-buttonbox gspb-buttonbox wp-element-button\" href=\"\/es\/tratamientos-deka-intimate\/pelvitouch\/\" rel=\"noopener\"><span class=\"gspb-buttonbox-textwrap\"><span class=\"gspb-buttonbox-text\"><span class=\"gspb-buttonbox-title\">DESCUBRE AHORA<\/span><\/span><\/span><\/a><\/div>\n<\/div><\/div><\/div>\n<\/div><\/div>\n\n\n<style><\/style><style><\/style>\n<div class=\"wp-block-stackable-columns alignfull stk-block-columns stk-block stk-d350d5a contact-cta\" data-block-id=\"d350d5a\"><style>.stk-d350d5a {overflow:hidden !important;padding-top:0px !important;padding-right:20px !important;padding-bottom:0px !important;padding-left:20px !important;margin-top:0px !important;margin-right:0px !important;margin-bottom:0px !important;margin-left:0px !important;}.stk-d350d5a-column{max-width:1140px !important;min-width:auto !important;}<\/style><div class=\"stk-row stk-inner-blocks stk-block-content stk-content-align stk-d350d5a-column alignfull\">\n<div class=\"wp-block-stackable-column stk-block-column stk-column stk-block stk-ca3b7d8\" data-v=\"4\" data-block-id=\"ca3b7d8\"><style>.stk-ca3b7d8 {padding-top:60px !important;padding-right:0px !important;padding-bottom:130px !important;padding-left:0px !important;}<\/style><div class=\"stk-column-wrapper stk-block-column__content stk-container stk-ca3b7d8-container stk--no-background stk--no-padding\"><div class=\"stk-block-content stk-inner-blocks stk-ca3b7d8-inner-blocks\">\n<div class=\"wp-block-stackable-heading stk-block-heading stk-block-heading--v2 stk-block stk-6e12373\" id=\"tiene-alguna-pregunta-sobre-los-tratamientos-intimos-deka\" data-block-id=\"6e12373\"><style>.stk-6e12373 {margin-top:0px !important;margin-right:0px !important;margin-bottom:50px !important;margin-left:0px !important;}.stk-6e12373 .stk-block-heading__text{font-size:40px !important;color:#9F9BBA !important;line-height:46px !important;font-weight:400 !important;}@media screen and (max-width: 1023px){.stk-6e12373 .stk-block-heading__text{font-size:40px !important;}}<\/style><h2 class=\"stk-block-heading__text has-text-color has-text-align-center\">\u00bfTiene alguna pregunta sobre los tratamientos \u00edntimos DEKA?<\/h2><\/div>\n\n\n\n<div class=\"wp-block-stackable-columns stk-block-columns stk-block stk-ed743f6\" data-block-id=\"ed743f6\"><style>.stk-ed743f6 {margin-top:0px !important;margin-right:0px !important;margin-bottom:0px !important;margin-left:0px !important;}.stk-ed743f6-column{--stk-columns-spacing:0px !important;--stk-column-gap:40px !important;row-gap:20px !important;}<\/style><div class=\"stk-row stk-inner-blocks stk-block-content stk-content-align stk-ed743f6-column\">\n<div class=\"wp-block-stackable-column stk-block-column stk-column stk-block stk-872c763 stk-block-background cta-btn stk--has-background-overlay\" data-v=\"4\" data-block-id=\"872c763\"><style>.stk-872c763 {background-color:#9F9BBA !important;background-image:url(https:\/\/dekaintimate.com\/wp-content\/uploads\/contact-patient.webp) !important;border-top-left-radius:20px !important;border-top-right-radius:20px !important;border-bottom-right-radius:20px !important;border-bottom-left-radius:20px !important;overflow:hidden !important;min-height:300px !important;align-items:center !important;padding-top:0px !important;padding-right:0px !important;padding-bottom:0px !important;padding-left:0px !important;margin-top:0px !important;margin-right:0px !important;margin-bottom:0px !important;margin-left:0px !important;display:flex !important;}.stk-872c763:before{background-color:#9F9BBA !important;opacity:0.7 !important;}.stk-872c763:hover:before{opacity:0 !important;}<\/style><div class=\"stk-column-wrapper stk-block-column__content stk-container stk-872c763-container stk--no-background stk--no-padding\"><div class=\"stk-block-content stk-inner-blocks stk-872c763-inner-blocks\">\n<div class=\"wp-block-stackable-text stk-block-text stk-block stk-0a86c26\" data-block-id=\"0a86c26\"><style>.stk-0a86c26 {padding-top:10px !important;padding-right:10px !important;padding-bottom:10px !important;padding-left:10px !important;margin-top:0px !important;margin-right:0px !important;margin-bottom:0px !important;margin-left:0px !important;}.stk-0a86c26 .stk-block-text__text{font-size:30px !important;color:#ffffff !important;font-weight:600 !important;text-transform:uppercase !important;letter-spacing:1px !important;}@media screen and (max-width: 1023px){.stk-0a86c26 .stk-block-text__text{font-size:30px !important;}}<\/style><p class=\"stk-block-text__text has-text-color has-text-align-center\">soy un paciente<\/p><\/div>\n<\/div><a class=\"stk-link stk-block-link stk--transparent-overlay\" href=\"https:\/\/dekaintimate.com\/es\/contactos\/\" aria-hidden=\"true\" tabindex=\"-1\"><\/a><\/div><\/div>\n\n\n\n<div class=\"wp-block-stackable-column stk-block-column stk-column stk-block stk-43a3c9a stk-block-background cta-btn stk--has-background-overlay\" data-v=\"4\" data-block-id=\"43a3c9a\"><style>.stk-43a3c9a {background-color:#9F9BBA !important;background-image:url(https:\/\/dekaintimate.com\/wp-content\/uploads\/contact-doctor.webp) !important;border-top-left-radius:20px !important;border-top-right-radius:20px !important;border-bottom-right-radius:20px !important;border-bottom-left-radius:20px !important;overflow:hidden !important;min-height:300px !important;align-items:center !important;padding-top:0px !important;padding-right:0px !important;padding-bottom:0px !important;padding-left:0px !important;margin-top:0px !important;margin-right:0px !important;margin-bottom:0px !important;margin-left:0px !important;display:flex !important;}.stk-43a3c9a:before{background-color:#9F9BBA !important;opacity:0.7 !important;}.stk-43a3c9a:hover:before{opacity:0 !important;}<\/style><div class=\"stk-column-wrapper stk-block-column__content stk-container stk-43a3c9a-container stk--no-background stk--no-padding\"><div class=\"stk-block-content stk-inner-blocks stk-43a3c9a-inner-blocks\">\n<div class=\"wp-block-stackable-text stk-block-text stk-block stk-41c563c\" data-block-id=\"41c563c\"><style>.stk-41c563c {padding-top:10px !important;padding-right:10px !important;padding-bottom:10px !important;padding-left:10px !important;margin-top:0px !important;margin-right:0px !important;margin-bottom:0px !important;margin-left:0px !important;}.stk-41c563c .stk-block-text__text{font-size:30px !important;color:#ffffff !important;font-weight:600 !important;text-transform:uppercase !important;letter-spacing:1px !important;}@media screen and (max-width: 1023px){.stk-41c563c .stk-block-text__text{font-size:30px !important;}}<\/style><p class=\"stk-block-text__text has-text-color has-text-align-center\">soy medico<\/p><\/div>\n<\/div><a class=\"stk-link stk-block-link stk--transparent-overlay\" href=\"https:\/\/dekalaser.com\/es\" aria-hidden=\"true\" tabindex=\"-1\" target=\"_blank\" rel=\"noreferrer noopener\"><\/a><\/div><\/div>\n<\/div><\/div>\n<\/div><\/div><\/div>\n<\/div><\/div>\n","protected":false},"excerpt":{"rendered":"<p>Tratamientos Deka Intimate Las terapias de apoyo a la mejora de la salud \u00edntima, cuyos problemas suelen estar interrelacionados, son diversas y tambi\u00e9n utilizan la tecnolog\u00eda como alternativa o complemento a las terapias farmacol\u00f3gicas. En concreto, los tratamientos DEKA INTIMATE son MONALISA TOUCH y PELVITOUCH. Monalisa Touch\u2122 es la terapia que ha revolucionado la salud [&hellip;]<\/p>\n","protected":false},"author":2,"featured_media":0,"parent":0,"menu_order":14,"comment_status":"closed","ping_status":"closed","template":"","meta":{"_acf_changed":false,"_gspb_post_css":"#gspb_button-id-gsbp-977067b,#gspb_button-id-gsbp-c6dd362{display:flex;justify-content:flex-start}#gspb_button-id-gsbp-c6dd362 .gspb-buttonbox-text{display:flex;flex-direction:column}#gspb_button-id-gsbp-c6dd362>.gspb-buttonbox{box-sizing:border-box;margin-top:40px}#gspb_button-id-gsbp-977067b .gspb-buttonbox-text{display:flex;flex-direction:column}#gspb_button-id-gsbp-977067b>.gspb-buttonbox{box-sizing:border-box;margin-top:40px}","inline_featured_image":false,"_genesis_hide_title":false,"_genesis_hide_breadcrumbs":false,"_genesis_hide_singular_image":false,"_genesis_hide_footer_widgets":false,"_genesis_custom_body_class":"","_genesis_custom_post_class":"","_genesis_layout":"","footnotes":""},"class_list":{"0":"post-576","1":"page","2":"type-page","3":"status-publish","5":"entry"},"acf":[],"yoast_head":"<!-- This site is optimized with the Yoast SEO plugin v24.5 - https:\/\/yoast.com\/wordpress\/plugins\/seo\/ -->\n<title>Tratamientos Deka Intimate - Deka Intimate<\/title>\n<meta name=\"robots\" content=\"index, follow, max-snippet:-1, max-image-preview:large, max-video-preview:-1\" \/>\n<link rel=\"canonical\" href=\"https:\/\/dekaintimate.com\/es\/tratamientos-deka-intimate\/\" \/>\n<meta property=\"og:locale\" content=\"es_ES\" \/>\n<meta property=\"og:type\" content=\"article\" \/>\n<meta property=\"og:title\" content=\"Tratamientos Deka Intimate - Deka Intimate\" \/>\n<meta property=\"og:description\" content=\"Tratamientos Deka Intimate Las terapias de apoyo a la mejora de la salud \u00edntima, cuyos problemas suelen estar interrelacionados, son diversas y tambi\u00e9n utilizan la tecnolog\u00eda como alternativa o complemento a las terapias farmacol\u00f3gicas. En concreto, los tratamientos DEKA INTIMATE son MONALISA TOUCH y PELVITOUCH. Monalisa Touch\u2122 es la terapia que ha revolucionado la salud [&hellip;]\" \/>\n<meta property=\"og:url\" content=\"https:\/\/dekaintimate.com\/es\/tratamientos-deka-intimate\/\" \/>\n<meta property=\"og:site_name\" content=\"Deka Intimate\" \/>\n<meta property=\"article:modified_time\" content=\"2025-02-11T13:48:38+00:00\" \/>\n<meta property=\"og:image\" content=\"https:\/\/dekaintimate.com\/wp-content\/uploads\/monalisatouch-logo.svg\" \/>\n<meta name=\"twitter:card\" content=\"summary_large_image\" \/>\n<meta name=\"twitter:label1\" content=\"Tiempo de lectura\" \/>\n\t<meta name=\"twitter:data1\" content=\"2 minutos\" \/>\n<script type=\"application\/ld+json\" class=\"yoast-schema-graph\">{\"@context\":\"https:\/\/schema.org\",\"@graph\":[{\"@type\":\"WebPage\",\"@id\":\"https:\/\/dekaintimate.com\/es\/tratamientos-deka-intimate\/\",\"url\":\"https:\/\/dekaintimate.com\/es\/tratamientos-deka-intimate\/\",\"name\":\"Tratamientos Deka Intimate - Deka Intimate\",\"isPartOf\":{\"@id\":\"https:\/\/dekaintimate.com\/#website\"},\"primaryImageOfPage\":{\"@id\":\"https:\/\/dekaintimate.com\/es\/tratamientos-deka-intimate\/#primaryimage\"},\"image\":{\"@id\":\"https:\/\/dekaintimate.com\/es\/tratamientos-deka-intimate\/#primaryimage\"},\"thumbnailUrl\":\"https:\/\/dekaintimate.com\/wp-content\/uploads\/monalisatouch-logo.svg\",\"datePublished\":\"2025-01-27T07:11:34+00:00\",\"dateModified\":\"2025-02-11T13:48:38+00:00\",\"breadcrumb\":{\"@id\":\"https:\/\/dekaintimate.com\/es\/tratamientos-deka-intimate\/#breadcrumb\"},\"inLanguage\":\"es\",\"potentialAction\":[{\"@type\":\"ReadAction\",\"target\":[\"https:\/\/dekaintimate.com\/es\/tratamientos-deka-intimate\/\"]}]},{\"@type\":\"ImageObject\",\"inLanguage\":\"es\",\"@id\":\"https:\/\/dekaintimate.com\/es\/tratamientos-deka-intimate\/#primaryimage\",\"url\":\"https:\/\/dekaintimate.com\/wp-content\/uploads\/monalisatouch-logo.svg\",\"contentUrl\":\"https:\/\/dekaintimate.com\/wp-content\/uploads\/monalisatouch-logo.svg\"},{\"@type\":\"BreadcrumbList\",\"@id\":\"https:\/\/dekaintimate.com\/es\/tratamientos-deka-intimate\/#breadcrumb\",\"itemListElement\":[{\"@type\":\"ListItem\",\"position\":1,\"name\":\"Home\",\"item\":\"https:\/\/dekaintimate.com\/es\/\"},{\"@type\":\"ListItem\",\"position\":2,\"name\":\"Tratamientos Deka Intimate\"}]},{\"@type\":\"WebSite\",\"@id\":\"https:\/\/dekaintimate.com\/#website\",\"url\":\"https:\/\/dekaintimate.com\/\",\"name\":\"Deka Intimate\",\"description\":\"Parliamo e diamo valore alla salute intima\",\"potentialAction\":[{\"@type\":\"SearchAction\",\"target\":{\"@type\":\"EntryPoint\",\"urlTemplate\":\"https:\/\/dekaintimate.com\/?s={search_term_string}\"},\"query-input\":{\"@type\":\"PropertyValueSpecification\",\"valueRequired\":true,\"valueName\":\"search_term_string\"}}],\"inLanguage\":\"es\"}]}<\/script>\n<!-- \/ Yoast SEO plugin. -->","yoast_head_json":{"title":"Tratamientos Deka Intimate - Deka Intimate","robots":{"index":"index","follow":"follow","max-snippet":"max-snippet:-1","max-image-preview":"max-image-preview:large","max-video-preview":"max-video-preview:-1"},"canonical":"https:\/\/dekaintimate.com\/es\/tratamientos-deka-intimate\/","og_locale":"es_ES","og_type":"article","og_title":"Tratamientos Deka Intimate - Deka Intimate","og_description":"Tratamientos Deka Intimate Las terapias de apoyo a la mejora de la salud \u00edntima, cuyos problemas suelen estar interrelacionados, son diversas y tambi\u00e9n utilizan la tecnolog\u00eda como alternativa o complemento a las terapias farmacol\u00f3gicas. En concreto, los tratamientos DEKA INTIMATE son MONALISA TOUCH y PELVITOUCH. Monalisa Touch\u2122 es la terapia que ha revolucionado la salud [&hellip;]","og_url":"https:\/\/dekaintimate.com\/es\/tratamientos-deka-intimate\/","og_site_name":"Deka Intimate","article_modified_time":"2025-02-11T13:48:38+00:00","og_image":[{"url":"https:\/\/dekaintimate.com\/wp-content\/uploads\/monalisatouch-logo.svg","type":"","width":"","height":""}],"twitter_card":"summary_large_image","twitter_misc":{"Tiempo de lectura":"2 minutos"},"schema":{"@context":"https:\/\/schema.org","@graph":[{"@type":"WebPage","@id":"https:\/\/dekaintimate.com\/es\/tratamientos-deka-intimate\/","url":"https:\/\/dekaintimate.com\/es\/tratamientos-deka-intimate\/","name":"Tratamientos Deka Intimate - Deka Intimate","isPartOf":{"@id":"https:\/\/dekaintimate.com\/#website"},"primaryImageOfPage":{"@id":"https:\/\/dekaintimate.com\/es\/tratamientos-deka-intimate\/#primaryimage"},"image":{"@id":"https:\/\/dekaintimate.com\/es\/tratamientos-deka-intimate\/#primaryimage"},"thumbnailUrl":"https:\/\/dekaintimate.com\/wp-content\/uploads\/monalisatouch-logo.svg","datePublished":"2025-01-27T07:11:34+00:00","dateModified":"2025-02-11T13:48:38+00:00","breadcrumb":{"@id":"https:\/\/dekaintimate.com\/es\/tratamientos-deka-intimate\/#breadcrumb"},"inLanguage":"es","potentialAction":[{"@type":"ReadAction","target":["https:\/\/dekaintimate.com\/es\/tratamientos-deka-intimate\/"]}]},{"@type":"ImageObject","inLanguage":"es","@id":"https:\/\/dekaintimate.com\/es\/tratamientos-deka-intimate\/#primaryimage","url":"https:\/\/dekaintimate.com\/wp-content\/uploads\/monalisatouch-logo.svg","contentUrl":"https:\/\/dekaintimate.com\/wp-content\/uploads\/monalisatouch-logo.svg"},{"@type":"BreadcrumbList","@id":"https:\/\/dekaintimate.com\/es\/tratamientos-deka-intimate\/#breadcrumb","itemListElement":[{"@type":"ListItem","position":1,"name":"Home","item":"https:\/\/dekaintimate.com\/es\/"},{"@type":"ListItem","position":2,"name":"Tratamientos Deka Intimate"}]},{"@type":"WebSite","@id":"https:\/\/dekaintimate.com\/#website","url":"https:\/\/dekaintimate.com\/","name":"Deka Intimate","description":"Parliamo e diamo valore alla salute intima","potentialAction":[{"@type":"SearchAction","target":{"@type":"EntryPoint","urlTemplate":"https:\/\/dekaintimate.com\/?s={search_term_string}"},"query-input":{"@type":"PropertyValueSpecification","valueRequired":true,"valueName":"search_term_string"}}],"inLanguage":"es"}]}},"_links":{"self":[{"href":"https:\/\/dekaintimate.com\/es\/wp-json\/wp\/v2\/pages\/576","targetHints":{"allow":["GET"]}}],"collection":[{"href":"https:\/\/dekaintimate.com\/es\/wp-json\/wp\/v2\/pages"}],"about":[{"href":"https:\/\/dekaintimate.com\/es\/wp-json\/wp\/v2\/types\/page"}],"author":[{"embeddable":true,"href":"https:\/\/dekaintimate.com\/es\/wp-json\/wp\/v2\/users\/2"}],"replies":[{"embeddable":true,"href":"https:\/\/dekaintimate.com\/es\/wp-json\/wp\/v2\/comments?post=576"}],"version-history":[{"count":2,"href":"https:\/\/dekaintimate.com\/es\/wp-json\/wp\/v2\/pages\/576\/revisions"}],"predecessor-version":[{"id":672,"href":"https:\/\/dekaintimate.com\/es\/wp-json\/wp\/v2\/pages\/576\/revisions\/672"}],"wp:attachment":[{"href":"https:\/\/dekaintimate.com\/es\/wp-json\/wp\/v2\/media?parent=576"}],"curies":[{"name":"wp","href":"https:\/\/api.w.org\/{rel}","templated":true}]}}